{"id":1174,"date":"2025-08-19T17:43:29","date_gmt":"2025-08-19T17:43:29","guid":{"rendered":"https:\/\/institutomorelos.com.mx\/web\/portfolio\/"},"modified":"2025-09-24T15:48:32","modified_gmt":"2025-09-24T15:48:32","slug":"informacion","status":"publish","type":"page","link":"https:\/\/institutomorelos.com.mx\/web\/informacion\/","title":{"rendered":"Informaci\u00f3n"},"content":{"rendered":"\n<figure class=\"wp-block-image alignwide size-full\"><img loading=\"lazy\" decoding=\"async\" width=\"1000\" height=\"400\" src=\"https:\/\/institutomorelos.com.mx\/web\/wp-content\/uploads\/2025\/08\/slider_1.png\" alt=\"slider 1\" class=\"wp-image-1441\" title=\"Informaci\u00f3n\" srcset=\"https:\/\/institutomorelos.com.mx\/web\/wp-content\/uploads\/2025\/08\/slider_1.png 1000w, https:\/\/institutomorelos.com.mx\/web\/wp-content\/uploads\/2025\/08\/slider_1-300x120.png 300w, https:\/\/institutomorelos.com.mx\/web\/wp-content\/uploads\/2025\/08\/slider_1-768x307.png 768w\" sizes=\"auto, (max-width: 1000px) 100vw, 1000px\" \/><\/figure>\n\n\n\n<div class=\"wp-block-uagb-container uagb-block-4f2a4d1b alignfull uagb-is-root-container\"><div class=\"uagb-container-inner-blocks-wrap\">\n<div class=\"wp-block-uagb-advanced-heading uagb-block-19470afb\"><h1 class=\"uagb-heading-text\">Admisiones<\/h1><\/div>\n\n\n\n<div class=\"wp-block-uagb-advanced-heading uagb-block-7a634cf8\"><p class=\"uagb-heading-text\"><strong>Requisitos para admisi\u00f3n<\/strong><br>* Copia del certificado de Kinder (solo 1er grado) o<br>Constancia de estar cursando el 3er grado de preescolar<br>* Copia de la \u00faltima boleta si viene de un grado de primaria<br>CURP<br>* Copia del acta de nacimiento actual (no m\u00e1s de 6 meses)<br>* Copia de comprobante de domicilio<br>* Copia de identificaci\u00f3n oficial de madre\/padre\/tutor legal<br>* Agendar cita con psicolog\u00eda escolar<br>* Si es necesario, completar papeler\u00eda solicitada en la entrevista con psicolog\u00eda escolar.<br>* Acta de bautismo<br>* Cartilla de vacunaci\u00f3n<br>* Carta de no adeudo si viene de escuela particular<br>* Carta de buena conducta (preguntar en la recepci\u00f3n)<br>* Llenar forma de datos<\/p><\/div>\n<\/div><\/div>\n\n\n\n<div class=\"wp-block-uagb-container uagb-block-36765bb7 alignfull uagb-is-root-container\"><div class=\"uagb-container-inner-blocks-wrap\">\n<div class=\"wp-block-uagb-container uagb-block-3de92929\">\n<div class=\"wp-block-uagb-container uagb-block-177f3dcc\">\n<div class=\"wp-block-uagb-info-box uagb-block-6ce363d8 uagb-infobox__content-wrap  uagb-infobox-icon-above-title uagb-infobox-image-valign-top wp-block-uagb-info-box--has-margin\"><div class=\"uagb-infobox-margin-wrapper\"><div class=\"uagb-ifb-content\"><div class=\"uagb-ifb-title-wrap\"><h2 class=\"uagb-ifb-title\">Horarios<\/h2><\/div><p class=\"uagb-ifb-desc\">Entrada: 7:40AM<br>Salida de Lunes a jueves: 2:00PM<br>Salida los viernes: 1:00PM<br>Recibimos alumnos a partir de las 7:20AM<br>&nbsp;<\/p><\/div><\/div><\/div>\n\n\n\n<div class=\"wp-block-uagb-info-box uagb-block-1433aee4 uagb-infobox__content-wrap  uagb-infobox-icon-above-title uagb-infobox-image-valign-top wp-block-uagb-info-box--has-margin\"><div class=\"uagb-infobox-margin-wrapper\"><div class=\"uagb-ifb-content\"><div class=\"uagb-ifb-title-wrap\"><h2 class=\"uagb-ifb-title\"><strong>Talleres extracurriculares<\/strong><\/h2><\/div><p class=\"uagb-ifb-desc\">Actividades deportivas<br>La Orquestita, ensamble<br>Banda de Guerra<br>Ciencia infantil<br>Foamiland<br>Tareas<br>Teatro<br><br>*Salida de los talleres de lunes a jueves: 3:15PM<br>*Salida de los talleres en viernes: 2:15PM<\/p><\/div><\/div><\/div>\n<\/div>\n\n\n\n<figure class=\"wp-block-image size-full\"><img loading=\"lazy\" decoding=\"async\" width=\"782\" height=\"1013\" src=\"https:\/\/institutomorelos.com.mx\/web\/wp-content\/uploads\/2025\/08\/insc.jpg\" alt=\"insc\" class=\"wp-image-1526\" title=\"Informaci\u00f3n\" srcset=\"https:\/\/institutomorelos.com.mx\/web\/wp-content\/uploads\/2025\/08\/insc.jpg 782w, https:\/\/institutomorelos.com.mx\/web\/wp-content\/uploads\/2025\/08\/insc-232x300.jpg 232w, https:\/\/institutomorelos.com.mx\/web\/wp-content\/uploads\/2025\/08\/insc-768x995.jpg 768w\" sizes=\"auto, (max-width: 782px) 100vw, 782px\" \/><\/figure>\n\n\n\n<figure class=\"wp-block-image size-large\"><img loading=\"lazy\" decoding=\"async\" width=\"676\" height=\"1024\" src=\"https:\/\/institutomorelos.com.mx\/web\/wp-content\/uploads\/2025\/08\/cuenta-1-676x1024.jpg\" alt=\"cuenta\" class=\"wp-image-1528\" title=\"Informaci\u00f3n\" srcset=\"https:\/\/institutomorelos.com.mx\/web\/wp-content\/uploads\/2025\/08\/cuenta-1-676x1024.jpg 676w, https:\/\/institutomorelos.com.mx\/web\/wp-content\/uploads\/2025\/08\/cuenta-1-198x300.jpg 198w, https:\/\/institutomorelos.com.mx\/web\/wp-content\/uploads\/2025\/08\/cuenta-1.jpg 704w\" sizes=\"auto, (max-width: 676px) 100vw, 676px\" \/><\/figure>\n<\/div>\n\n\n\n<p>Contamos con el \u00e1rea de Psicolog\u00eda Escolar que, en colaboraci\u00f3n con los padres de familia, proporciona apoyo a aquellos alumnos que lo requieren. Nos enfocamos en identificar y superar obst\u00e1culos en el aprendizaje y en lo conductual dentro del aula, procuramos que cada estudiante tenga la oportunidad de alcanzar su m\u00e1ximo potencial.<\/p>\n\n\n\n<div class=\"wp-block-uagb-container uagb-block-9e85eb99\">\n<div class=\"wp-block-uagb-container uagb-block-9f1d491d\">\n<div class=\"wp-block-uagb-image alignleft uagb-block-20bd491a wp-block-uagb-image--layout-default wp-block-uagb-image--effect-static wp-block-uagb-image--align-left\"><figure class=\"wp-block-uagb-image__figure\"><img decoding=\"async\" srcset=\"https:\/\/institutomorelos.com.mx\/web\/wp-content\/uploads\/2025\/08\/uni.png ,https:\/\/institutomorelos.com.mx\/web\/wp-content\/uploads\/2025\/08\/uni.png 780w, https:\/\/institutomorelos.com.mx\/web\/wp-content\/uploads\/2025\/08\/uni.png 360w\" sizes=\"auto, (max-width: 480px) 150px\" src=\"https:\/\/institutomorelos.com.mx\/web\/wp-content\/uploads\/2025\/08\/uni.png\" alt=\"uni\" class=\"uag-image-1602\" width=\"522\" height=\"350\" title=\"uni\" loading=\"lazy\" role=\"img\"\/><\/figure><\/div>\n<\/div>\n\n\n\n<div class=\"wp-block-uagb-container uagb-block-c8df79b5\">\n<div class=\"wp-block-uagb-info-box uagb-block-1b3d17eb uagb-infobox__content-wrap  uagb-infobox-icon-above-title uagb-infobox-image-valign-top wp-block-uagb-info-box--has-margin\"><div class=\"uagb-infobox-margin-wrapper\"><div class=\"uagb-ifb-content\"><div class=\"uagb-ifb-title-wrap\"><h2 class=\"uagb-ifb-title\">Uniforme<\/h2><\/div><p class=\"uagb-ifb-desc\"><strong>Ni\u00f1as:<br><\/strong>Falda escolar tableada no m\u00e1s de 5 cm arriba de la rodilla (verano) y pantal\u00f3n gris claro (invierno).<br>Playera blanca tipo polo con logotipo.<br>Zapato negro escolar (no tac\u00f3n o plataforma alta).<br>Su\u00e9ter guinda con logotipo.<br>Deportivo: Pantalonera, chamarra guinda, playera cuello &#8220;V&#8221; color gris con logotipo y tenis deportivos blancos o negros. En verano falda-short.<br><br><strong>Ni\u00f1os<\/strong>:<br>Pantal\u00f3n escolar gris claro tipo Dickies.<br>Playera blanca tipo polo con logotipo.<br>Chaleco o Su\u00e9ter guinda con logotipo.<br>Zapato negro escolar.<br>Deportivo: Pantalonera, chamarra guinda, playera cuello &#8220;V&#8221; color gris con logotipo<br>Tenis deportivos blancos o negros. En verano short guinda.<\/p><\/div><\/div><\/div>\n<\/div>\n<\/div>\n\n\n\n<figure class=\"wp-block-image size-full\"><img loading=\"lazy\" decoding=\"async\" width=\"2482\" height=\"1755\" src=\"https:\/\/institutomorelos.com.mx\/web\/wp-content\/uploads\/2025\/08\/calendario.jpg\" alt=\"calendario\" class=\"wp-image-1519\" title=\"Informaci\u00f3n\" srcset=\"https:\/\/institutomorelos.com.mx\/web\/wp-content\/uploads\/2025\/08\/calendario.jpg 2482w, https:\/\/institutomorelos.com.mx\/web\/wp-content\/uploads\/2025\/08\/calendario-300x212.jpg 300w, https:\/\/institutomorelos.com.mx\/web\/wp-content\/uploads\/2025\/08\/calendario-1024x724.jpg 1024w, https:\/\/institutomorelos.com.mx\/web\/wp-content\/uploads\/2025\/08\/calendario-768x543.jpg 768w, https:\/\/institutomorelos.com.mx\/web\/wp-content\/uploads\/2025\/08\/calendario-1536x1086.jpg 1536w, https:\/\/institutomorelos.com.mx\/web\/wp-content\/uploads\/2025\/08\/calendario-2048x1448.jpg 2048w\" sizes=\"auto, (max-width: 2482px) 100vw, 2482px\" \/><\/figure>\n<\/div><\/div>\n","protected":false},"excerpt":{"rendered":"<p>Admisiones Requisitos para admisi\u00f3n* Copia del certificado de Kinder (solo 1er grado) oConstancia de estar cursando el 3er grado de [&hellip;]<\/p>\n","protected":false},"author":1,"featured_media":0,"parent":0,"menu_order":0,"comment_status":"closed","ping_status":"closed","template":"","meta":{"_uag_custom_page_level_css":"","site-sidebar-layout":"default","site-content-layout":"","ast-site-content-layout":"default","site-content-style":"default","site-sidebar-style":"default","ast-global-header-display":"","ast-banner-title-visibility":"","ast-main-header-display":"","ast-hfb-above-header-display":"","ast-hfb-below-header-display":"","ast-hfb-mobile-header-display":"","site-post-title":"disabled","ast-breadcrumbs-content":"","ast-featured-img":"","footer-sml-layout":"","theme-transparent-header-meta":"","adv-header-id-meta":"","stick-header-meta":"","header-above-stick-meta":"","header-main-stick-meta":"","header-below-stick-meta":"","astra-migrate-meta-layouts":"set","ast-page-background-enabled":"default","ast-page-background-meta":{"desktop":{"background-color":"var(--ast-global-color-4)","background-image":"","background-repeat":"repeat","background-position":"center center","background-size":"auto","background-attachment":"scroll","background-type":"","background-media":"","overlay-type":"","overlay-color":"","overlay-opacity":"","overlay-gradient":""},"tablet":{"background-color":"","background-image":"","background-repeat":"repeat","background-position":"center center","background-size":"auto","background-attachment":"scroll","background-type":"","background-media":"","overlay-type":"","overlay-color":"","overlay-opacity":"","overlay-gradient":""},"mobile":{"background-color":"","background-image":"","background-repeat":"repeat","background-position":"center center","background-size":"auto","background-attachment":"scroll","background-type":"","background-media":"","overlay-type":"","overlay-color":"","overlay-opacity":"","overlay-gradient":""}},"ast-content-background-meta":{"desktop":{"background-color":"var(--ast-global-color-5)","background-image":"","background-repeat":"repeat","background-position":"center center","background-size":"auto","background-attachment":"scroll","background-type":"","background-media":"","overlay-type":"","overlay-color":"","overlay-opacity":"","overlay-gradient":""},"tablet":{"background-color":"var(--ast-global-color-5)","background-image":"","background-repeat":"repeat","background-position":"center center","background-size":"auto","background-attachment":"scroll","background-type":"","background-media":"","overlay-type":"","overlay-color":"","overlay-opacity":"","overlay-gradient":""},"mobile":{"background-color":"var(--ast-global-color-5)","background-image":"","background-repeat":"repeat","background-position":"center center","background-size":"auto","background-attachment":"scroll","background-type":"","background-media":"","overlay-type":"","overlay-color":"","overlay-opacity":"","overlay-gradient":""}},"footnotes":""},"class_list":["post-1174","page","type-page","status-publish","hentry"],"uagb_featured_image_src":{"full":false,"thumbnail":false,"medium":false,"medium_large":false,"large":false,"1536x1536":false,"2048x2048":false},"uagb_author_info":{"display_name":"admin","author_link":"https:\/\/institutomorelos.com.mx\/web\/author\/admin\/"},"uagb_comment_info":0,"uagb_excerpt":"Admisiones Requisitos para admisi\u00f3n* Copia del certificado de Kinder (solo 1er grado) oConstancia de estar cursando el 3er grado de [&hellip;]","_links":{"self":[{"href":"https:\/\/institutomorelos.com.mx\/web\/wp-json\/wp\/v2\/pages\/1174","targetHints":{"allow":["GET"]}}],"collection":[{"href":"https:\/\/institutomorelos.com.mx\/web\/wp-json\/wp\/v2\/pages"}],"about":[{"href":"https:\/\/institutomorelos.com.mx\/web\/wp-json\/wp\/v2\/types\/page"}],"author":[{"embeddable":true,"href":"https:\/\/institutomorelos.com.mx\/web\/wp-json\/wp\/v2\/users\/1"}],"replies":[{"embeddable":true,"href":"https:\/\/institutomorelos.com.mx\/web\/wp-json\/wp\/v2\/comments?post=1174"}],"version-history":[{"count":31,"href":"https:\/\/institutomorelos.com.mx\/web\/wp-json\/wp\/v2\/pages\/1174\/revisions"}],"predecessor-version":[{"id":1688,"href":"https:\/\/institutomorelos.com.mx\/web\/wp-json\/wp\/v2\/pages\/1174\/revisions\/1688"}],"wp:attachment":[{"href":"https:\/\/institutomorelos.com.mx\/web\/wp-json\/wp\/v2\/media?parent=1174"}],"curies":[{"name":"wp","href":"https:\/\/api.w.org\/{rel}","templated":true}]}}