{"id":1173,"date":"2025-08-19T17:43:29","date_gmt":"2025-08-19T17:43:29","guid":{"rendered":"https:\/\/institutomorelos.com.mx\/web\/offerings\/"},"modified":"2025-08-20T17:29:13","modified_gmt":"2025-08-20T17:29:13","slug":"visita","status":"publish","type":"page","link":"https:\/\/institutomorelos.com.mx\/web\/visita\/","title":{"rendered":"Vis\u00edtanos"},"content":{"rendered":"\n<div class=\"wp-block-uagb-container uagb-block-568a6a6f alignfull uagb-is-root-container\"><div class=\"uagb-container-inner-blocks-wrap\">\t\t\t\t\t<div\n\t\t\t\t\t\tclass=\"wp-block-uagb-image-gallery uagb-block-43dac31d     \"\n\t\t\t\t\t\tstyle=\"\"\n\t\t\t\t\t>\n\t\t\t\t\t\t\t\t\t\t\t<div class=\"spectra-image-gallery spectra-image-gallery__layout--tiled spectra-image-gallery__layout--tiled-col-4 spectra-image-gallery__layout--tiled-col-tab-3 spectra-image-gallery__layout--tiled-col-mob-2\">\n\t\t\t\t\t\t\t\t\t\t\t<div class='spectra-image-gallery__media-wrapper' data-spectra-gallery-image-id='1538' tabindex=\"0\">\n\t\t\t\t\t\t\t<div class=\"spectra-image-gallery__media spectra-image-gallery__media--tiled\">\n\t\t\t\t<picture>\n\t\t\t\t\t<source media=\"(min-width: 1024px)\" srcset=\"https:\/\/institutomorelos.com.mx\/web\/wp-content\/uploads\/2025\/08\/inst5.jpg\">\n\t\t\t\t\t<source media=\"(min-width: 768px)\" srcset=\"https:\/\/institutomorelos.com.mx\/web\/wp-content\/uploads\/2025\/08\/inst5.jpg\">\n\t\t\t\t\t<img decoding=\"async\" class=\"spectra-image-gallery__media-thumbnail spectra-image-gallery__media-thumbnail--tiled\" src=\"https:\/\/institutomorelos.com.mx\/web\/wp-content\/uploads\/2025\/08\/inst5-300x225.jpg\" alt=\"inst5\" loading=\"lazy\" title=\"Vis\u00edtanos\">\n\t\t\t\t<\/picture>\n\t\t\t\t<div class=\"spectra-image-gallery__media-thumbnail-blurrer\"><\/div>\n\t\t\t\t\t\t\t\t\t\t\t<div class=\"spectra-image-gallery__media-thumbnail-caption-wrapper spectra-image-gallery__media-thumbnail-caption-wrapper--overlay\"><\/div>\n\t\t\t\t\t\t\t\t<\/div>\n\t\t\t\t\t\t<\/div>\n\t\t\t\t\t\t<div class='spectra-image-gallery__media-wrapper' data-spectra-gallery-image-id='1539' tabindex=\"0\">\n\t\t\t\t\t\t\t<div class=\"spectra-image-gallery__media spectra-image-gallery__media--tiled\">\n\t\t\t\t<picture>\n\t\t\t\t\t<source media=\"(min-width: 1024px)\" srcset=\"https:\/\/institutomorelos.com.mx\/web\/wp-content\/uploads\/2025\/08\/inst7.jpg\">\n\t\t\t\t\t<source media=\"(min-width: 768px)\" srcset=\"https:\/\/institutomorelos.com.mx\/web\/wp-content\/uploads\/2025\/08\/inst7.jpg\">\n\t\t\t\t\t<img decoding=\"async\" class=\"spectra-image-gallery__media-thumbnail spectra-image-gallery__media-thumbnail--tiled\" src=\"https:\/\/institutomorelos.com.mx\/web\/wp-content\/uploads\/2025\/08\/inst7-300x225.jpg\" alt=\"inst7\" loading=\"lazy\" title=\"Vis\u00edtanos\">\n\t\t\t\t<\/picture>\n\t\t\t\t<div class=\"spectra-image-gallery__media-thumbnail-blurrer\"><\/div>\n\t\t\t\t\t\t\t\t\t\t\t<div class=\"spectra-image-gallery__media-thumbnail-caption-wrapper spectra-image-gallery__media-thumbnail-caption-wrapper--overlay\"><\/div>\n\t\t\t\t\t\t\t\t<\/div>\n\t\t\t\t\t\t<\/div>\n\t\t\t\t\t\t<div class='spectra-image-gallery__media-wrapper' data-spectra-gallery-image-id='1540' tabindex=\"0\">\n\t\t\t\t\t\t\t<div class=\"spectra-image-gallery__media spectra-image-gallery__media--tiled\">\n\t\t\t\t<picture>\n\t\t\t\t\t<source media=\"(min-width: 1024px)\" srcset=\"https:\/\/institutomorelos.com.mx\/web\/wp-content\/uploads\/2025\/08\/inst8.jpg\">\n\t\t\t\t\t<source media=\"(min-width: 768px)\" srcset=\"https:\/\/institutomorelos.com.mx\/web\/wp-content\/uploads\/2025\/08\/inst8.jpg\">\n\t\t\t\t\t<img decoding=\"async\" class=\"spectra-image-gallery__media-thumbnail spectra-image-gallery__media-thumbnail--tiled\" src=\"https:\/\/institutomorelos.com.mx\/web\/wp-content\/uploads\/2025\/08\/inst8-300x225.jpg\" alt=\"inst8\" loading=\"lazy\" title=\"Vis\u00edtanos\">\n\t\t\t\t<\/picture>\n\t\t\t\t<div class=\"spectra-image-gallery__media-thumbnail-blurrer\"><\/div>\n\t\t\t\t\t\t\t\t\t\t\t<div class=\"spectra-image-gallery__media-thumbnail-caption-wrapper spectra-image-gallery__media-thumbnail-caption-wrapper--overlay\"><\/div>\n\t\t\t\t\t\t\t\t<\/div>\n\t\t\t\t\t\t<\/div>\n\t\t\t\t\t\t<div class='spectra-image-gallery__media-wrapper' data-spectra-gallery-image-id='1541' tabindex=\"0\">\n\t\t\t\t\t\t\t<div class=\"spectra-image-gallery__media spectra-image-gallery__media--tiled\">\n\t\t\t\t<picture>\n\t\t\t\t\t<source media=\"(min-width: 1024px)\" srcset=\"https:\/\/institutomorelos.com.mx\/web\/wp-content\/uploads\/2025\/08\/inst9.jpg\">\n\t\t\t\t\t<source media=\"(min-width: 768px)\" srcset=\"https:\/\/institutomorelos.com.mx\/web\/wp-content\/uploads\/2025\/08\/inst9.jpg\">\n\t\t\t\t\t<img decoding=\"async\" class=\"spectra-image-gallery__media-thumbnail spectra-image-gallery__media-thumbnail--tiled\" src=\"https:\/\/institutomorelos.com.mx\/web\/wp-content\/uploads\/2025\/08\/inst9-300x225.jpg\" alt=\"inst9\" loading=\"lazy\" title=\"Vis\u00edtanos\">\n\t\t\t\t<\/picture>\n\t\t\t\t<div class=\"spectra-image-gallery__media-thumbnail-blurrer\"><\/div>\n\t\t\t\t\t\t\t\t\t\t\t<div class=\"spectra-image-gallery__media-thumbnail-caption-wrapper spectra-image-gallery__media-thumbnail-caption-wrapper--overlay\"><\/div>\n\t\t\t\t\t\t\t\t<\/div>\n\t\t\t\t\t\t<\/div>\n\t\t\t\t\t\t<div class='spectra-image-gallery__media-wrapper' data-spectra-gallery-image-id='1542' tabindex=\"0\">\n\t\t\t\t\t\t\t<div class=\"spectra-image-gallery__media spectra-image-gallery__media--tiled\">\n\t\t\t\t<picture>\n\t\t\t\t\t<source media=\"(min-width: 1024px)\" srcset=\"https:\/\/institutomorelos.com.mx\/web\/wp-content\/uploads\/2025\/08\/inst10.jpg\">\n\t\t\t\t\t<source media=\"(min-width: 768px)\" srcset=\"https:\/\/institutomorelos.com.mx\/web\/wp-content\/uploads\/2025\/08\/inst10.jpg\">\n\t\t\t\t\t<img decoding=\"async\" class=\"spectra-image-gallery__media-thumbnail spectra-image-gallery__media-thumbnail--tiled\" src=\"https:\/\/institutomorelos.com.mx\/web\/wp-content\/uploads\/2025\/08\/inst10-300x225.jpg\" alt=\"inst10\" loading=\"lazy\" title=\"Vis\u00edtanos\">\n\t\t\t\t<\/picture>\n\t\t\t\t<div class=\"spectra-image-gallery__media-thumbnail-blurrer\"><\/div>\n\t\t\t\t\t\t\t\t\t\t\t<div class=\"spectra-image-gallery__media-thumbnail-caption-wrapper spectra-image-gallery__media-thumbnail-caption-wrapper--overlay\"><\/div>\n\t\t\t\t\t\t\t\t<\/div>\n\t\t\t\t\t\t<\/div>\n\t\t\t\t\t\t<div class='spectra-image-gallery__media-wrapper' data-spectra-gallery-image-id='1543' tabindex=\"0\">\n\t\t\t\t\t\t\t<div class=\"spectra-image-gallery__media spectra-image-gallery__media--tiled\">\n\t\t\t\t<picture>\n\t\t\t\t\t<source media=\"(min-width: 1024px)\" srcset=\"https:\/\/institutomorelos.com.mx\/web\/wp-content\/uploads\/2025\/08\/inst11.jpg\">\n\t\t\t\t\t<source media=\"(min-width: 768px)\" srcset=\"https:\/\/institutomorelos.com.mx\/web\/wp-content\/uploads\/2025\/08\/inst11.jpg\">\n\t\t\t\t\t<img decoding=\"async\" class=\"spectra-image-gallery__media-thumbnail spectra-image-gallery__media-thumbnail--tiled\" src=\"https:\/\/institutomorelos.com.mx\/web\/wp-content\/uploads\/2025\/08\/inst11-300x225.jpg\" alt=\"inst11\" loading=\"lazy\" title=\"Vis\u00edtanos\">\n\t\t\t\t<\/picture>\n\t\t\t\t<div class=\"spectra-image-gallery__media-thumbnail-blurrer\"><\/div>\n\t\t\t\t\t\t\t\t\t\t\t<div class=\"spectra-image-gallery__media-thumbnail-caption-wrapper spectra-image-gallery__media-thumbnail-caption-wrapper--overlay\"><\/div>\n\t\t\t\t\t\t\t\t<\/div>\n\t\t\t\t\t\t<\/div>\n\t\t\t\t\t\t<div class='spectra-image-gallery__media-wrapper' data-spectra-gallery-image-id='1544' tabindex=\"0\">\n\t\t\t\t\t\t\t<div class=\"spectra-image-gallery__media spectra-image-gallery__media--tiled\">\n\t\t\t\t<picture>\n\t\t\t\t\t<source media=\"(min-width: 1024px)\" srcset=\"https:\/\/institutomorelos.com.mx\/web\/wp-content\/uploads\/2025\/08\/inst12.jpg\">\n\t\t\t\t\t<source media=\"(min-width: 768px)\" srcset=\"https:\/\/institutomorelos.com.mx\/web\/wp-content\/uploads\/2025\/08\/inst12.jpg\">\n\t\t\t\t\t<img decoding=\"async\" class=\"spectra-image-gallery__media-thumbnail spectra-image-gallery__media-thumbnail--tiled\" src=\"https:\/\/institutomorelos.com.mx\/web\/wp-content\/uploads\/2025\/08\/inst12-300x225.jpg\" alt=\"inst12\" loading=\"lazy\" title=\"Vis\u00edtanos\">\n\t\t\t\t<\/picture>\n\t\t\t\t<div class=\"spectra-image-gallery__media-thumbnail-blurrer\"><\/div>\n\t\t\t\t\t\t\t\t\t\t\t<div class=\"spectra-image-gallery__media-thumbnail-caption-wrapper spectra-image-gallery__media-thumbnail-caption-wrapper--overlay\"><\/div>\n\t\t\t\t\t\t\t\t<\/div>\n\t\t\t\t\t\t<\/div>\n\t\t\t\t\t\t<div class='spectra-image-gallery__media-wrapper' data-spectra-gallery-image-id='1545' tabindex=\"0\">\n\t\t\t\t\t\t\t<div class=\"spectra-image-gallery__media spectra-image-gallery__media--tiled\">\n\t\t\t\t<picture>\n\t\t\t\t\t<source media=\"(min-width: 1024px)\" srcset=\"https:\/\/institutomorelos.com.mx\/web\/wp-content\/uploads\/2025\/08\/inst4.jpg\">\n\t\t\t\t\t<source media=\"(min-width: 768px)\" srcset=\"https:\/\/institutomorelos.com.mx\/web\/wp-content\/uploads\/2025\/08\/inst4.jpg\">\n\t\t\t\t\t<img decoding=\"async\" class=\"spectra-image-gallery__media-thumbnail spectra-image-gallery__media-thumbnail--tiled\" src=\"https:\/\/institutomorelos.com.mx\/web\/wp-content\/uploads\/2025\/08\/inst4-300x225.jpg\" alt=\"inst4\" loading=\"lazy\" title=\"Vis\u00edtanos\">\n\t\t\t\t<\/picture>\n\t\t\t\t<div class=\"spectra-image-gallery__media-thumbnail-blurrer\"><\/div>\n\t\t\t\t\t\t\t\t\t\t\t<div class=\"spectra-image-gallery__media-thumbnail-caption-wrapper spectra-image-gallery__media-thumbnail-caption-wrapper--overlay\"><\/div>\n\t\t\t\t\t\t\t\t<\/div>\n\t\t\t\t\t\t<\/div>\n\t\t\t\t\t\t\t\t\t\t\t<div class=\"spectra-image-gallery__media-sizer\"><\/div>\n\t\t\t\t\t\t\t<\/div>\n\t\t\t\t\t\t\t\t\t\t\t<\/div>\n\t\t\t\t\t\t\t\t\t\t\t<div class='spectra-image-gallery__control-lightbox' tabindex='0'>\n\t\t\t\t\t\t\t\t\t\t\t<div class=\"swiper spectra-image-gallery__control-lightbox--main\" dir=\"\">\n\t\t\t\t\t<div class=\"swiper-wrapper\">\n\t\t\t\t\t\t\t\t\t\t\t\t\t\n\t\t\t\t\t\t\t<div class=\"swiper-slide\">\n\t\t\t\t\t\t\t\t<img class=\"swiper-lazy\" data-src=\"https:\/\/institutomorelos.com.mx\/web\/wp-content\/uploads\/2025\/08\/inst5.jpg\" alt=\"inst5\" title=\"Vis\u00edtanos\">\n\t\t\t\t\t\t\t\t<div class=\"swiper-lazy-preloader swiper-lazy-preloader-white\"><\/div>\n\t\t\t\t\t\t\t\t\t\t\t\t\t\t\t<\/div>\n\t\t\t\t\t\t\t\t\t\t\t\t\t\n\t\t\t\t\t\t\t<div class=\"swiper-slide\">\n\t\t\t\t\t\t\t\t<img class=\"swiper-lazy\" data-src=\"https:\/\/institutomorelos.com.mx\/web\/wp-content\/uploads\/2025\/08\/inst7.jpg\" alt=\"inst7\" title=\"Vis\u00edtanos\">\n\t\t\t\t\t\t\t\t<div class=\"swiper-lazy-preloader swiper-lazy-preloader-white\"><\/div>\n\t\t\t\t\t\t\t\t\t\t\t\t\t\t\t<\/div>\n\t\t\t\t\t\t\t\t\t\t\t\t\t\n\t\t\t\t\t\t\t<div class=\"swiper-slide\">\n\t\t\t\t\t\t\t\t<img class=\"swiper-lazy\" data-src=\"https:\/\/institutomorelos.com.mx\/web\/wp-content\/uploads\/2025\/08\/inst8.jpg\" alt=\"inst8\" title=\"Vis\u00edtanos\">\n\t\t\t\t\t\t\t\t<div class=\"swiper-lazy-preloader swiper-lazy-preloader-white\"><\/div>\n\t\t\t\t\t\t\t\t\t\t\t\t\t\t\t<\/div>\n\t\t\t\t\t\t\t\t\t\t\t\t\t\n\t\t\t\t\t\t\t<div class=\"swiper-slide\">\n\t\t\t\t\t\t\t\t<img class=\"swiper-lazy\" data-src=\"https:\/\/institutomorelos.com.mx\/web\/wp-content\/uploads\/2025\/08\/inst9.jpg\" alt=\"inst9\" title=\"Vis\u00edtanos\">\n\t\t\t\t\t\t\t\t<div class=\"swiper-lazy-preloader swiper-lazy-preloader-white\"><\/div>\n\t\t\t\t\t\t\t\t\t\t\t\t\t\t\t<\/div>\n\t\t\t\t\t\t\t\t\t\t\t\t\t\n\t\t\t\t\t\t\t<div class=\"swiper-slide\">\n\t\t\t\t\t\t\t\t<img class=\"swiper-lazy\" data-src=\"https:\/\/institutomorelos.com.mx\/web\/wp-content\/uploads\/2025\/08\/inst10.jpg\" alt=\"inst10\" title=\"Vis\u00edtanos\">\n\t\t\t\t\t\t\t\t<div class=\"swiper-lazy-preloader swiper-lazy-preloader-white\"><\/div>\n\t\t\t\t\t\t\t\t\t\t\t\t\t\t\t<\/div>\n\t\t\t\t\t\t\t\t\t\t\t\t\t\n\t\t\t\t\t\t\t<div class=\"swiper-slide\">\n\t\t\t\t\t\t\t\t<img class=\"swiper-lazy\" data-src=\"https:\/\/institutomorelos.com.mx\/web\/wp-content\/uploads\/2025\/08\/inst11.jpg\" alt=\"inst11\" title=\"Vis\u00edtanos\">\n\t\t\t\t\t\t\t\t<div class=\"swiper-lazy-preloader swiper-lazy-preloader-white\"><\/div>\n\t\t\t\t\t\t\t\t\t\t\t\t\t\t\t<\/div>\n\t\t\t\t\t\t\t\t\t\t\t\t\t\n\t\t\t\t\t\t\t<div class=\"swiper-slide\">\n\t\t\t\t\t\t\t\t<img class=\"swiper-lazy\" data-src=\"https:\/\/institutomorelos.com.mx\/web\/wp-content\/uploads\/2025\/08\/inst12.jpg\" alt=\"inst12\" title=\"Vis\u00edtanos\">\n\t\t\t\t\t\t\t\t<div class=\"swiper-lazy-preloader swiper-lazy-preloader-white\"><\/div>\n\t\t\t\t\t\t\t\t\t\t\t\t\t\t\t<\/div>\n\t\t\t\t\t\t\t\t\t\t\t\t\t\n\t\t\t\t\t\t\t<div class=\"swiper-slide\">\n\t\t\t\t\t\t\t\t<img class=\"swiper-lazy\" data-src=\"https:\/\/institutomorelos.com.mx\/web\/wp-content\/uploads\/2025\/08\/inst4.jpg\" alt=\"inst4\" title=\"Vis\u00edtanos\">\n\t\t\t\t\t\t\t\t<div class=\"swiper-lazy-preloader swiper-lazy-preloader-white\"><\/div>\n\t\t\t\t\t\t\t\t\t\t\t\t\t\t\t<\/div>\n\t\t\t\t\t\t\t\t\t\t\t<\/div>\n\t\t\t\t\t<div class=\"swiper-button-next\"><\/div>\n\t\t\t\t\t<div class=\"swiper-button-prev\"><\/div>\n\t\t\t\t<\/div>\t\t\t\n\t\t\t\t\t\t\t\t\t\t\t\t\t\t\t\t\t\t\t\t\t\t\t\t\t\t\t\t\t\t\t\t<button class='spectra-image-gallery__control-lightbox--close' aria-label=\"Close\">\n\t\t\t\t\t\t\t\t\t\t\t\t\t<svg xmlns=\"https:\/\/www.w3.org\/2000\/svg\" viewBox= \"0 0 320 512\"><path d=\"M310.6 361.4c12.5 12.5 12.5 32.75 0 45.25C304.4 412.9 296.2 416 288 416s-16.38-3.125-22.62-9.375L160 301.3L54.63 406.6C48.38 412.9 40.19 416 32 416S15.63 412.9 9.375 406.6c-12.5-12.5-12.5-32.75 0-45.25l105.4-105.4L9.375 150.6c-12.5-12.5-12.5-32.75 0-45.25s32.75-12.5 45.25 0L160 210.8l105.4-105.4c12.5-12.5 32.75-12.5 45.25 0s12.5 32.75 0 45.25l-105.4 105.4L310.6 361.4z\"><\/path><\/svg>\n\t\t\t\t\t\t\t\t\t\t\t\t<\/button>\n\t\t\t\t\t\t\t\t\t\t\t\t\t<\/div>\n\t\t\t\t\t\t\t\t\t<\/div><\/div>\n\n\n\n<div class=\"wp-block-uagb-container uagb-block-3e07fe11 alignfull uagb-is-root-container\"><div class=\"uagb-container-inner-blocks-wrap\">\n<div class=\"wp-block-uagb-container uagb-block-d4d500a0\">\n<div class=\"wp-block-uagb-container uagb-block-7f1a7e89\">\n<div class=\"wp-block-uagb-image alignleft uagb-block-1ca788f4 wp-block-uagb-image--layout-default wp-block-uagb-image--effect-static wp-block-uagb-image--align-left\"><figure class=\"wp-block-uagb-image__figure\"><img decoding=\"async\" srcset=\"https:\/\/institutomorelos.com.mx\/web\/wp-content\/uploads\/2025\/08\/mixtec.jpg ,https:\/\/institutomorelos.com.mx\/web\/wp-content\/uploads\/2025\/08\/mixtec.jpg 780w, https:\/\/institutomorelos.com.mx\/web\/wp-content\/uploads\/2025\/08\/mixtec.jpg 360w\" sizes=\"auto, (max-width: 480px) 150px\" src=\"https:\/\/institutomorelos.com.mx\/web\/wp-content\/uploads\/2025\/08\/mixtec.jpg\" alt=\"Mixtec\" class=\"uag-image-28\" width=\"543\" height=\"400\" title=\"mixtec\" loading=\"lazy\" role=\"img\"><\/figure><\/div>\n\n\n\n<div class=\"wp-block-uagb-advanced-heading uagb-block-fcbf0b16\"><h2 class=\"uagb-heading-text\">Educaci\u00f3n Primaria<\/h2><p class=\"uagb-desc-text\">Brindamos un plan de estudios dise\u00f1ado para fomentar el pensamiento cr\u00edtico y la creatividad, mientras cultivamos habilidades sociales y emocionales importantes. Nuestra educaci\u00f3n se enfoca en el desarrollo integral, asegurando que cada ni\u00f1o prospere en un ambiente seguro y respetuoso.<\/p><\/div>\n<\/div>\n\n\n\n<div class=\"wp-block-uagb-container uagb-block-f9421b51\">\n<div class=\"wp-block-uagb-image alignleft uagb-block-cd2e59d9 wp-block-uagb-image--layout-default wp-block-uagb-image--effect-static wp-block-uagb-image--align-left\"><figure class=\"wp-block-uagb-image__figure\"><img decoding=\"async\" srcset=\"https:\/\/institutomorelos.com.mx\/web\/wp-content\/uploads\/2025\/08\/6.png ,https:\/\/institutomorelos.com.mx\/web\/wp-content\/uploads\/2025\/08\/6.png 780w, https:\/\/institutomorelos.com.mx\/web\/wp-content\/uploads\/2025\/08\/6.png 360w\" sizes=\"auto, (max-width: 480px) 150px\" src=\"https:\/\/institutomorelos.com.mx\/web\/wp-content\/uploads\/2025\/08\/6.png\" alt=\"6\" class=\"uag-image-1599\" width=\"543\" height=\"400\" title=\"6\" loading=\"lazy\" role=\"img\"\/><\/figure><\/div>\n\n\n\n<div class=\"wp-block-uagb-advanced-heading uagb-block-34a269b3\"><h2 class=\"uagb-heading-text\">Extracurriculares<\/h2><p class=\"uagb-desc-text\">Desde deportes hasta artes, ofrecemos una variedad de actividades extracurriculares que complementan la educaci\u00f3n formal, promoviendo el trabajo en equipo y la autoexpresi\u00f3n. Estas actividades son esenciales para el desarrollo de nuevas habilidades y la construcci\u00f3n de la confianza personal.<\/p><\/div>\n<\/div>\n<\/div>\n\n\n\n<div class=\"wp-block-uagb-container uagb-block-08385aa7\">\n<div class=\"wp-block-uagb-container uagb-block-903c29ae\">\n<div class=\"wp-block-uagb-image alignleft uagb-block-f2e3a38c wp-block-uagb-image--layout-default wp-block-uagb-image--effect-static wp-block-uagb-image--align-left\"><figure class=\"wp-block-uagb-image__figure\"><img decoding=\"async\" srcset=\"https:\/\/institutomorelos.com.mx\/web\/wp-content\/uploads\/2025\/08\/com-1024x768.jpg ,https:\/\/institutomorelos.com.mx\/web\/wp-content\/uploads\/2025\/08\/com.jpg 780w, https:\/\/institutomorelos.com.mx\/web\/wp-content\/uploads\/2025\/08\/com.jpg 360w\" sizes=\"auto, (max-width: 480px) 150px\" src=\"https:\/\/institutomorelos.com.mx\/web\/wp-content\/uploads\/2025\/08\/com-1024x768.jpg\" alt=\"Com 1024x768\" class=\"uag-image-11\" width=\"543\" height=\"400\" title=\"com\" loading=\"lazy\" role=\"img\"><\/figure><\/div>\n\n\n\n<div class=\"wp-block-uagb-advanced-heading uagb-block-b2355bf0\"><h2 class=\"uagb-heading-text\">Formaci\u00f3n Espiritual<\/h2><p class=\"uagb-desc-text\">Integrando la formaci\u00f3n espiritual en nuestra curr\u00edcula, ofrecemos ense\u00f1anzas que enfatizan la caridad, el respeto y la hermandad. Proporcionamos un espacio donde los estudiantes pueden explorar su fe y crecer en su relaci\u00f3n con Dios, reforzando as\u00ed su car\u00e1cter moral.<\/p><\/div>\n<\/div>\n\n\n\n<div class=\"wp-block-uagb-container uagb-block-20c11b49\">\n<div class=\"wp-block-uagb-image alignleft uagb-block-6e6bf1ea wp-block-uagb-image--layout-default wp-block-uagb-image--effect-static wp-block-uagb-image--align-left\"><figure class=\"wp-block-uagb-image__figure\"><img decoding=\"async\" srcset=\"https:\/\/institutomorelos.com.mx\/web\/wp-content\/uploads\/2025\/08\/papas-1-1024x635.jpg ,https:\/\/institutomorelos.com.mx\/web\/wp-content\/uploads\/2025\/08\/papas-1.jpg 780w, https:\/\/institutomorelos.com.mx\/web\/wp-content\/uploads\/2025\/08\/papas-1.jpg 360w\" sizes=\"auto, (max-width: 480px) 150px\" src=\"https:\/\/institutomorelos.com.mx\/web\/wp-content\/uploads\/2025\/08\/papas-1-1024x635.jpg\" alt=\"papas\" class=\"uag-image-1594\" width=\"543\" height=\"400\" title=\"papas\" loading=\"lazy\" role=\"img\"\/><\/figure><\/div>\n\n\n\n<div class=\"wp-block-uagb-advanced-heading uagb-block-3a93f87b\"><h2 class=\"uagb-heading-text\">Orientaci\u00f3n Familiar<\/h2><p class=\"uagb-desc-text\">Reconocemos la importancia del papel de los padres en la educaci\u00f3n, por lo que ofrecemos talleres y asesor\u00eda para ayudarles a enfrentar los desaf\u00edos que pueden surgir durante el proceso educativo. Nuestro objetivo es crear una comunidad educativa fuerte y colaborativa.<\/p><\/div>\n<\/div>\n<\/div>\n\n\n\n<div class=\"wp-block-uagb-container uagb-block-9e38d4b1\">\n<div class=\"wp-block-uagb-container uagb-block-d7887d2a\">\n<div class=\"wp-block-uagb-image alignleft uagb-block-e914123c wp-block-uagb-image--layout-default wp-block-uagb-image--effect-static wp-block-uagb-image--align-left\"><figure class=\"wp-block-uagb-image__figure\"><img decoding=\"async\" srcset=\"https:\/\/institutomorelos.com.mx\/web\/wp-content\/uploads\/2025\/08\/5-1024x576.png ,https:\/\/institutomorelos.com.mx\/web\/wp-content\/uploads\/2025\/08\/5.png 780w, https:\/\/institutomorelos.com.mx\/web\/wp-content\/uploads\/2025\/08\/5.png 360w\" sizes=\"auto, (max-width: 480px) 150px\" src=\"https:\/\/institutomorelos.com.mx\/web\/wp-content\/uploads\/2025\/08\/5-1024x576.png\" alt=\"5\" class=\"uag-image-1590\" width=\"543\" height=\"400\" title=\"5\" loading=\"lazy\" role=\"img\"\/><\/figure><\/div>\n\n\n\n<div class=\"wp-block-uagb-advanced-heading uagb-block-9d58c214\"><h2 class=\"uagb-heading-text\">Ambiente de respeto<\/h2><p class=\"uagb-desc-text\">Contamos con un equipo de profesionales en psicopedagog\u00eda que proporciona apoyo individualizado a aquellos alumnos que lo requieren. Nos enfocamos en identificar y superar obst\u00e1culos en el aprendizaje, garantizando que cada estudiante tenga la oportunidad de alcanzar su m\u00e1ximo potencial.<\/p><\/div>\n<\/div>\n\n\n\n<div class=\"wp-block-uagb-container uagb-block-49246099\">\n<div class=\"wp-block-uagb-image alignleft uagb-block-4274e905 wp-block-uagb-image--layout-default wp-block-uagb-image--effect-static wp-block-uagb-image--align-left\"><figure class=\"wp-block-uagb-image__figure\"><img decoding=\"async\" srcset=\"https:\/\/institutomorelos.com.mx\/web\/wp-content\/uploads\/2025\/08\/3.png ,https:\/\/institutomorelos.com.mx\/web\/wp-content\/uploads\/2025\/08\/3.png 780w, https:\/\/institutomorelos.com.mx\/web\/wp-content\/uploads\/2025\/08\/3.png 360w\" sizes=\"auto, (max-width: 480px) 150px\" src=\"https:\/\/institutomorelos.com.mx\/web\/wp-content\/uploads\/2025\/08\/3.png\" alt=\"3\" class=\"uag-image-1596\" width=\"543\" height=\"400\" title=\"3\" loading=\"lazy\" role=\"img\"\/><\/figure><\/div>\n\n\n\n<div class=\"wp-block-uagb-advanced-heading uagb-block-17d232c4\"><h2 class=\"uagb-heading-text\">Eventos Culturales<\/h2><p class=\"uagb-desc-text\">Organizamos eventos culturales a lo largo del a\u00f1o, donde los estudiantes pueden presentar sus talentos en \u00e1reas como la m\u00fasica, el teatro y las artes visuales. Estos eventos no solo celebran sus logros, sino que tambi\u00e9n enriquecen nuestra comunidad educativa y fomentan la unidad entre los alumnos y padres.<\/p><\/div>\n<\/div>\n<\/div>\n<\/div><\/div>\n\n\n\n<p><\/p>\n","protected":false},"excerpt":{"rendered":"<p>Educaci\u00f3n Primaria Brindamos un plan de estudios dise\u00f1ado para fomentar el pensamiento cr\u00edtico y la creatividad, mientras cultivamos habilidades sociales [&hellip;]<\/p>\n","protected":false},"author":1,"featured_media":0,"parent":0,"menu_order":0,"comment_status":"closed","ping_status":"closed","template":"","meta":{"_uag_custom_page_level_css":"","site-sidebar-layout":"default","site-content-layout":"","ast-site-content-layout":"default","site-content-style":"default","site-sidebar-style":"default","ast-global-header-display":"","ast-banner-title-visibility":"","ast-main-header-display":"","ast-hfb-above-header-display":"","ast-hfb-below-header-display":"","ast-hfb-mobile-header-display":"","site-post-title":"disabled","ast-breadcrumbs-content":"","ast-featured-img":"","footer-sml-layout":"","theme-transparent-header-meta":"","adv-header-id-meta":"","stick-header-meta":"","header-above-stick-meta":"","header-main-stick-meta":"","header-below-stick-meta":"","astra-migrate-meta-layouts":"set","ast-page-background-enabled":"default","ast-page-background-meta":{"desktop":{"background-color":"var(--ast-global-color-4)","background-image":"","background-repeat":"repeat","background-position":"center center","background-size":"auto","background-attachment":"scroll","background-type":"","background-media":"","overlay-type":"","overlay-color":"","overlay-opacity":"","overlay-gradient":""},"tablet":{"background-color":"","background-image":"","background-repeat":"repeat","background-position":"center center","background-size":"auto","background-attachment":"scroll","background-type":"","background-media":"","overlay-type":"","overlay-color":"","overlay-opacity":"","overlay-gradient":""},"mobile":{"background-color":"","background-image":"","background-repeat":"repeat","background-position":"center center","background-size":"auto","background-attachment":"scroll","background-type":"","background-media":"","overlay-type":"","overlay-color":"","overlay-opacity":"","overlay-gradient":""}},"ast-content-background-meta":{"desktop":{"background-color":"var(--ast-global-color-5)","background-image":"","background-repeat":"repeat","background-position":"center center","background-size":"auto","background-attachment":"scroll","background-type":"","background-media":"","overlay-type":"","overlay-color":"","overlay-opacity":"","overlay-gradient":""},"tablet":{"background-color":"var(--ast-global-color-5)","background-image":"","background-repeat":"repeat","background-position":"center center","background-size":"auto","background-attachment":"scroll","background-type":"","background-media":"","overlay-type":"","overlay-color":"","overlay-opacity":"","overlay-gradient":""},"mobile":{"background-color":"var(--ast-global-color-5)","background-image":"","background-repeat":"repeat","background-position":"center center","background-size":"auto","background-attachment":"scroll","background-type":"","background-media":"","overlay-type":"","overlay-color":"","overlay-opacity":"","overlay-gradient":""}},"footnotes":""},"class_list":["post-1173","page","type-page","status-publish","hentry"],"uagb_featured_image_src":{"full":false,"thumbnail":false,"medium":false,"medium_large":false,"large":false,"1536x1536":false,"2048x2048":false},"uagb_author_info":{"display_name":"admin","author_link":"https:\/\/institutomorelos.com.mx\/web\/author\/admin\/"},"uagb_comment_info":0,"uagb_excerpt":"Educaci\u00f3n Primaria Brindamos un plan de estudios dise\u00f1ado para fomentar el pensamiento cr\u00edtico y la creatividad, mientras cultivamos habilidades sociales [&hellip;]","_links":{"self":[{"href":"https:\/\/institutomorelos.com.mx\/web\/wp-json\/wp\/v2\/pages\/1173","targetHints":{"allow":["GET"]}}],"collection":[{"href":"https:\/\/institutomorelos.com.mx\/web\/wp-json\/wp\/v2\/pages"}],"about":[{"href":"https:\/\/institutomorelos.com.mx\/web\/wp-json\/wp\/v2\/types\/page"}],"author":[{"embeddable":true,"href":"https:\/\/institutomorelos.com.mx\/web\/wp-json\/wp\/v2\/users\/1"}],"replies":[{"embeddable":true,"href":"https:\/\/institutomorelos.com.mx\/web\/wp-json\/wp\/v2\/comments?post=1173"}],"version-history":[{"count":15,"href":"https:\/\/institutomorelos.com.mx\/web\/wp-json\/wp\/v2\/pages\/1173\/revisions"}],"predecessor-version":[{"id":1601,"href":"https:\/\/institutomorelos.com.mx\/web\/wp-json\/wp\/v2\/pages\/1173\/revisions\/1601"}],"wp:attachment":[{"href":"https:\/\/institutomorelos.com.mx\/web\/wp-json\/wp\/v2\/media?parent=1173"}],"curies":[{"name":"wp","href":"https:\/\/api.w.org\/{rel}","templated":true}]}}